{"id":10,"date":"2017-09-13T18:54:23","date_gmt":"2017-09-13T16:54:23","guid":{"rendered":"https:\/\/www.leschampsdefleury.com\/?page_id=10"},"modified":"2023-08-07T18:03:38","modified_gmt":"2023-08-07T16:03:38","slug":"gites","status":"publish","type":"page","link":"https:\/\/www.leschampsdefleury.com\/fr\/gites\/","title":{"rendered":"G\u00eetes"},"content":{"rendered":"<p><\/p>\n<h3 class=\"pagetitle\" style=\"padding-bottom: 30px;\">\nNos logements de vacances au coeur de la Bourgogne<\/h3>\n<p>Les Champs de Fleury compte 5 logements de vacances bourguignonnes et authentiques. Tous nos logements sont enti\u00e8rement \u00e9quip\u00e9s, dont notamment la TV et la WIFI. De plus, chacun des logements offre beaucoup d\u2019intimit\u00e9 et une vue fantastique sur la campagne bourguignonne.<\/p>\n<p><strong>Les h\u00e9bergements de Les champs de Fleury :<\/strong><\/p>\n<p><strong><a style=\"\" href=\"https:\/\/www.leschampsdefleury.com\/fr\/gites\/la-chouette\/\">Logement de vacances La Chouette<\/a><\/strong><\/p>\n<p><strong><a style=\"\" href=\"https:\/\/www.leschampsdefleury.com\/fr\/gites\/la-maison-dalice\/\">Logement de vacances La Maison d&rsquo;Alice<\/a><\/strong><\/p>\n<p><strong><a style=\"\" href=\"https:\/\/www.leschampsdefleury.com\/fr\/gites\/lancienne-etable\/\">Logement de vacances L\u2019Ancienne Etable<\/a><\/strong><\/p>\n<p><strong><a style=\"\" href=\"https:\/\/www.leschampsdefleury.com\/fr\/gites\/la-cabane-bleue\/\">Logement de vacances La Cabane Bleue<\/a><\/strong><\/p>\n<p><strong><a style=\"\" href=\"https:\/\/www.leschampsdefleury.com\/fr\/gites\/la-bichette\/\">Logement de vacances La Bichette<\/a><\/strong><\/p>\n<p>Cliquez sur les logements pour plus d\u2019informations et passez des vacances inoubliables en Bourgogne!<\/p>\n<h3 style=\"padding-top: 20px;\"><\/h3>\n<div class=\"carousselcenter\">\n<div id=\"metaslider-id-997\" style=\"width: 100%;\" class=\"ml-slider-3-108-0 metaslider metaslider-flex metaslider-997 ml-slider has-dots-nav has-carousel-mode ms-theme-default\" role=\"region\" aria-label=\"Caroussel Home FR\" data-height=\"223\" data-width=\"220\">\n    <div id=\"metaslider_container_997\">\n        <div id=\"metaslider_997\">\n            <ul class='slides'>\n                <li style=\"display: none; width: 100%;\" class=\"slide-998 ms-image \" aria-roledescription=\"slide\" data-date=\"2023-04-10 15:22:26\" data-filename=\"Vakantiehuis-La-Chouette-300x223-1-220x223.jpg\" data-slide-type=\"image\"><a href=\"https:\/\/www.leschampsdefleury.com\/fr\/gites\/la-chouette\/\" target=\"_self\" aria-label=\"Voir les d\u00e9tails de la diapositive\" class=\"metaslider_image_link\"><img loading=\"lazy\" decoding=\"async\" src=\"https:\/\/www.leschampsdefleury.com\/wp-content\/uploads\/2023\/04\/Vakantiehuis-La-Chouette-300x223-1-220x223.jpg\" height=\"223\" width=\"220\" alt=\"La Chouette\" class=\"slider-997 slide-998 msDefaultImage\" title=\"Vakantiehuis-La-Chouette-300x223\" \/><\/a><div class=\"caption-wrap\"><div class=\"caption\">La Chouette - 4\/5 personnes<\/div><\/div><\/li>\n                <li style=\"display: none; width: 100%;\" class=\"slide-1211 ms-image \" aria-roledescription=\"slide\" data-date=\"2023-08-07 13:57:03\" data-filename=\"la-maison-d-alice-300x223-1-220x223.jpg\" data-slide-type=\"image\"><a href=\"https:\/\/www.leschampsdefleury.com\/fr\/gites\/la-maison-dalice\/\" target=\"_self\" aria-label=\"Voir les d\u00e9tails de la diapositive\" class=\"metaslider_image_link\"><img loading=\"lazy\" decoding=\"async\" src=\"https:\/\/www.leschampsdefleury.com\/wp-content\/uploads\/2023\/08\/la-maison-d-alice-300x223-1-220x223.jpg\" height=\"223\" width=\"220\" alt=\"La Maison d&#039;Alice\" class=\"slider-997 slide-1211 msDefaultImage\" title=\"la-maison-d-alice-300x223\" \/><\/a><div class=\"caption-wrap\"><div class=\"caption\">La Maison d'Alice -5 personnes<\/div><\/div><\/li>\n                <li style=\"display: none; width: 100%;\" class=\"slide-999 ms-image \" aria-roledescription=\"slide\" data-date=\"2023-04-10 15:22:26\" data-filename=\"lancien-etable-300x223-1-220x223.jpg\" data-slide-type=\"image\"><a href=\"https:\/\/www.leschampsdefleury.com\/fr\/gites\/lancienne-etable\/\" target=\"_self\" aria-label=\"Voir les d\u00e9tails de la diapositive\" class=\"metaslider_image_link\"><img loading=\"lazy\" decoding=\"async\" src=\"https:\/\/www.leschampsdefleury.com\/wp-content\/uploads\/2023\/04\/lancien-etable-300x223-1-220x223.jpg\" height=\"223\" width=\"220\" alt=\"L&#039;ancien Etable\" class=\"slider-997 slide-999 msDefaultImage\" title=\"lancien-etable-300x223\" \/><\/a><div class=\"caption-wrap\"><div class=\"caption\">L'ancienne Etable - 3 personnes<\/div><\/div><\/li>\n                <li style=\"display: none; width: 100%;\" class=\"slide-1000 ms-image \" aria-roledescription=\"slide\" data-date=\"2023-04-10 15:22:26\" data-filename=\"la-cabane-bleue-300x223-1-220x223.jpg\" data-slide-type=\"image\"><a href=\"https:\/\/www.leschampsdefleury.com\/fr\/gites\/la-cabane-bleue\/\" target=\"_self\" aria-label=\"Voir les d\u00e9tails de la diapositive\" class=\"metaslider_image_link\"><img loading=\"lazy\" decoding=\"async\" src=\"https:\/\/www.leschampsdefleury.com\/wp-content\/uploads\/2023\/04\/la-cabane-bleue-300x223-1-220x223.jpg\" height=\"223\" width=\"220\" alt=\"La Cabane Bleue\" class=\"slider-997 slide-1000 msDefaultImage\" title=\"la-cabane-bleue-300x223-1\" \/><\/a><div class=\"caption-wrap\"><div class=\"caption\">La Cabane  - 2 personnes<\/div><\/div><\/li>\n                <li style=\"display: none; width: 100%;\" class=\"slide-1001 ms-image \" aria-roledescription=\"slide\" data-date=\"2023-04-10 15:22:26\" data-filename=\"La-bichette-chalet-de-vacances-220x223.jpg\" data-slide-type=\"image\"><a href=\"https:\/\/www.leschampsdefleury.com\/fr\/gites\/la-bichette\" target=\"_self\" aria-label=\"Voir les d\u00e9tails de la diapositive\" class=\"metaslider_image_link\"><img loading=\"lazy\" decoding=\"async\" src=\"https:\/\/www.leschampsdefleury.com\/wp-content\/uploads\/2023\/05\/La-bichette-chalet-de-vacances-220x223.jpg\" height=\"223\" width=\"220\" alt=\"Chalet La Bichette\" class=\"slider-997 slide-1001 msDefaultImage\" title=\"La-bichette-chalet-de-vacances\" \/><\/a><div class=\"caption-wrap\"><div class=\"caption\">La Bichette - 2 personnes<\/div><\/div><\/li>\n            <\/ul>\n        <\/div>\n        \n    <\/div>\n<\/div>\n<\/div>\n<p><\/p>","protected":false},"excerpt":{"rendered":"<p>Nos logements de vacances au coeur de la Bourgogne Les Champs de Fleury compte 5 logements de vacances bourguignonnes et authentiques. Tous nos logements sont enti\u00e8rement \u00e9quip\u00e9s, dont notamment la TV et la WIFI. De plus, chacun des logements offre<\/p>\n","protected":false},"author":1,"featured_media":0,"parent":0,"menu_order":3,"comment_status":"closed","ping_status":"closed","template":"","meta":{"slim_seo":{"title":"G\u00eetes - Les champs de Fleury","description":"[:nl] Onze vakantieaccommodaties in het hartje van de Bourgogne Les champs de Fleury beschikt in totaal over 5 authentieke Bourgondische vakantieverblijven . De"},"footnotes":"","_links_to":"","_links_to_target":""},"class_list":["post-10","page","type-page","status-publish","hentry"],"_links":{"self":[{"href":"https:\/\/www.leschampsdefleury.com\/fr\/wp-json\/wp\/v2\/pages\/10","targetHints":{"allow":["GET"]}}],"collection":[{"href":"https:\/\/www.leschampsdefleury.com\/fr\/wp-json\/wp\/v2\/pages"}],"about":[{"href":"https:\/\/www.leschampsdefleury.com\/fr\/wp-json\/wp\/v2\/types\/page"}],"author":[{"embeddable":true,"href":"https:\/\/www.leschampsdefleury.com\/fr\/wp-json\/wp\/v2\/users\/1"}],"replies":[{"embeddable":true,"href":"https:\/\/www.leschampsdefleury.com\/fr\/wp-json\/wp\/v2\/comments?post=10"}],"version-history":[{"count":24,"href":"https:\/\/www.leschampsdefleury.com\/fr\/wp-json\/wp\/v2\/pages\/10\/revisions"}],"predecessor-version":[{"id":1218,"href":"https:\/\/www.leschampsdefleury.com\/fr\/wp-json\/wp\/v2\/pages\/10\/revisions\/1218"}],"wp:attachment":[{"href":"https:\/\/www.leschampsdefleury.com\/fr\/wp-json\/wp\/v2\/media?parent=10"}],"curies":[{"name":"wp","href":"https:\/\/api.w.org\/{rel}","templated":true}]}}