{"id":14,"date":"2017-09-13T18:55:41","date_gmt":"2017-09-13T16:55:41","guid":{"rendered":"https:\/\/www.leschampsdefleury.com\/?page_id=14"},"modified":"2023-04-04T17:57:53","modified_gmt":"2023-04-04T15:57:53","slug":"activiteiten","status":"publish","type":"page","link":"https:\/\/www.leschampsdefleury.com\/fr\/activiteiten\/","title":{"rendered":"Activit\u00e9s"},"content":{"rendered":"<p><\/p>\n<h5><span style=\"color: #000000;\">Activit\u00e9s et excursions aux alentours des maisons de vacances<\/span><\/h5>\n<p><span style=\"color: #000000;\"><a style=\"color: #000000;\" href=\"https:\/\/www.leschampsdefleury.com\/wp-content\/uploads\/2017\/09\/Vakantie-in-de-Bourgogne-landkaart.png\"><img loading=\"lazy\" decoding=\"async\" class=\"size-medium wp-image-161 alignright\" src=\"https:\/\/www.leschampsdefleury.com\/wp-content\/uploads\/2017\/09\/Vakantie-in-de-Bourgogne-landkaart-300x192.png\" alt=\"Vakantie in de Bourgogne landkaart\" width=\"300\" height=\"192\" srcset=\"https:\/\/www.leschampsdefleury.com\/wp-content\/uploads\/2017\/09\/Vakantie-in-de-Bourgogne-landkaart-300x192.png 300w, https:\/\/www.leschampsdefleury.com\/wp-content\/uploads\/2017\/09\/Vakantie-in-de-Bourgogne-landkaart.png 440w\" sizes=\"auto, (max-width: 300px) 100vw, 300px\" \/><\/a>De nombreuses activit\u00e9s sont propos\u00e9es dans les environs imm\u00e9diats de nos maisons de vacances. Ces excursions rendent les vacances en Bourgogne encore plus amusantes!<\/span><\/p>\n<p><span style=\"color: #000000;\"><span class=\"x_gmail_default\">U<\/span>n certain nombre de sites, excursions et des sorties que nous vous recommandons sans h\u00e9siter:<\/span><\/p>\n<ul>\n<li><span style=\"color: #000000;\">Randonn\u00e9es depuis le logement<\/span><\/li>\n<li><span style=\"color: #000000;\">Balades en v\u00e9lo le long du Canal du Nivernais (se trouvant \u00e0 700m)<\/span><\/li>\n<li><span style=\"color: #000000;\">Nombreux endroits pour p\u00e9cher dont le Canal du Nivernais, l&rsquo;Aron ou dans un des lacs des environs<\/span><\/li>\n<li><span style=\"color: #000000;\">Se baigner dans l&rsquo;authentique \u00ab\u00a0Site de Fleury\u00a0\u00bb (700m)<\/span><\/li>\n<li><span style=\"color: #000000;\">Visites culturelles (Autun, Decize, Nevers et le tr\u00e8s joli Vezelay)<\/span><\/li>\n<li><span style=\"color: #000000;\">Le Casino de Saint-Honor\u00e9-les-Bains et son restaurant<\/span><\/li>\n<li><span style=\"color: #000000;\">Une journ\u00e9e de d\u00e9tente et de cure dans les bains thermaux de Saint-Honor\u00e9-les-Bains, tr\u00e8s joli b\u00e0t iment et parc<\/span><\/li>\n<li><span style=\"color: #000000;\">Le mus\u00e9e de la mine \u00e0 La Machine<\/span><\/li>\n<li><span style=\"color: #000000;\">En saison il y a presque toujours brocante ou vide-grenier \u00e0 proximit\u00e9 les weekends<\/span><\/li>\n<li><span style=\"color: #000000;\">Des march\u00e9s mensuels tr\u00e8s conviviaux \u00e0 Moulins-Engilbert et a Corbigny<\/span><\/li>\n<li><span style=\"color: #000000;\">Centre \u00e9questre d&rsquo;Alluy<\/span><\/li>\n<li><span style=\"color: #000000;\">Des balades en cano\u00eb ou bateau<\/span><\/li>\n<\/ul>\n<p><span style=\"color: #000000;\"><span class=\"x_gmail_default\">V<\/span>ous aimeriez en savoir plus sur des vacances en Bourgogne? Jetez un \u0153il sur les sites suivants:<\/span><\/p>\n<p><span style=\"color: #000000;\"><strong><a style=\"color: #000000;\" href=\"http:\/\/www.bazois-tourisme.com\/2016\/\" target=\"_blank\" rel=\"noopener\">R\u00e9gion du Bazois<\/a><\/strong><\/span><\/p>\n<p><span style=\"color: #000000;\"><strong><a style=\"color: #000000;\" href=\"http:\/\/www.nevers-tourisme.com\" target=\"_blank\" rel=\"noopener\">R\u00e9gion du Nevers<\/a><\/strong><\/span><\/p>\n<p><span style=\"color: #000000;\"><strong><a style=\"color: #000000;\" href=\"https:\/\/www.autun-tourisme.com\" target=\"_blank\" rel=\"noopener\">R\u00e9gion du Autun<\/a><\/strong><\/span><\/p>\n<p><span style=\"color: #000000;\"><strong><a style=\"color: #000000;\" href=\"http:\/\/tourisme.parcdumorvan.org\" target=\"_blank\" rel=\"noopener\">Parc du Morvan<\/a><\/strong><\/span><\/p>\n<p><span style=\"color: #000000;\"><strong><a style=\"color: #000000;\" href=\"http:\/\/www.bourgogne-tourisme.com\" target=\"_blank\" rel=\"noopener\">Bourgogne Tourisme<\/a><\/strong><\/span><\/p>\n<div id='gallery-2' class='gallery galleryid-14 gallery-columns-3 gallery-size-medium'><figure class='gallery-item'>\n\t\t\t<div class='gallery-icon landscape'>\n\t\t\t\t<a href='https:\/\/www.leschampsdefleury.com\/wp-content\/uploads\/2017\/09\/Wijngaard-Bourgogne-Beaune-vakantie-in-Bourgogne.jpg'><img loading=\"lazy\" decoding=\"async\" width=\"300\" height=\"200\" src=\"https:\/\/www.leschampsdefleury.com\/wp-content\/uploads\/2017\/09\/Wijngaard-Bourgogne-Beaune-vakantie-in-Bourgogne-300x200.jpg\" class=\"attachment-medium size-medium\" alt=\"Wijngaard Bourgogne Beaune vakantie in Bourgogne\" aria-describedby=\"gallery-2-165\" srcset=\"https:\/\/www.leschampsdefleury.com\/wp-content\/uploads\/2017\/09\/Wijngaard-Bourgogne-Beaune-vakantie-in-Bourgogne-300x200.jpg 300w, https:\/\/www.leschampsdefleury.com\/wp-content\/uploads\/2017\/09\/Wijngaard-Bourgogne-Beaune-vakantie-in-Bourgogne-768x512.jpg 768w, https:\/\/www.leschampsdefleury.com\/wp-content\/uploads\/2017\/09\/Wijngaard-Bourgogne-Beaune-vakantie-in-Bourgogne-1024x683.jpg 1024w, https:\/\/www.leschampsdefleury.com\/wp-content\/uploads\/2017\/09\/Wijngaard-Bourgogne-Beaune-vakantie-in-Bourgogne-600x400.jpg 600w, https:\/\/www.leschampsdefleury.com\/wp-content\/uploads\/2017\/09\/Wijngaard-Bourgogne-Beaune-vakantie-in-Bourgogne.jpg 1400w\" sizes=\"auto, (max-width: 300px) 100vw, 300px\" \/><\/a>\n\t\t\t<\/div>\n\t\t\t\t<figcaption class='wp-caption-text gallery-caption' id='gallery-2-165'>\n\t\t\t\tWijngaarden in de Bourgogne\n\t\t\t\t<\/figcaption><\/figure><figure class='gallery-item'>\n\t\t\t<div class='gallery-icon landscape'>\n\t\t\t\t<a href='https:\/\/www.leschampsdefleury.com\/wp-content\/uploads\/2017\/09\/Vezelay-Bourgogne-vakantiehuis.jpg'><img loading=\"lazy\" decoding=\"async\" width=\"300\" height=\"200\" src=\"https:\/\/www.leschampsdefleury.com\/wp-content\/uploads\/2017\/09\/Vezelay-Bourgogne-vakantiehuis-300x200.jpg\" class=\"attachment-medium size-medium\" alt=\"Vezelay Bourgogne vakantiehuis\" aria-describedby=\"gallery-2-163\" srcset=\"https:\/\/www.leschampsdefleury.com\/wp-content\/uploads\/2017\/09\/Vezelay-Bourgogne-vakantiehuis-300x200.jpg 300w, https:\/\/www.leschampsdefleury.com\/wp-content\/uploads\/2017\/09\/Vezelay-Bourgogne-vakantiehuis-768x512.jpg 768w, https:\/\/www.leschampsdefleury.com\/wp-content\/uploads\/2017\/09\/Vezelay-Bourgogne-vakantiehuis-1024x682.jpg 1024w, https:\/\/www.leschampsdefleury.com\/wp-content\/uploads\/2017\/09\/Vezelay-Bourgogne-vakantiehuis-600x400.jpg 600w, https:\/\/www.leschampsdefleury.com\/wp-content\/uploads\/2017\/09\/Vezelay-Bourgogne-vakantiehuis.jpg 1280w\" sizes=\"auto, (max-width: 300px) 100vw, 300px\" \/><\/a>\n\t\t\t<\/div>\n\t\t\t\t<figcaption class='wp-caption-text gallery-caption' id='gallery-2-163'>\n\t\t\t\tV\u00e9zelay\n\t\t\t\t<\/figcaption><\/figure><figure class='gallery-item'>\n\t\t\t<div class='gallery-icon landscape'>\n\t\t\t\t<a href='https:\/\/www.leschampsdefleury.com\/wp-content\/uploads\/2017\/09\/Vissen-in-de-Bourgogne-vakantiehuis.jpg'><img loading=\"lazy\" decoding=\"async\" width=\"300\" height=\"200\" src=\"https:\/\/www.leschampsdefleury.com\/wp-content\/uploads\/2017\/09\/Vissen-in-de-Bourgogne-vakantiehuis-300x200.jpg\" class=\"attachment-medium size-medium\" alt=\"Vissen in de Bourgogne vakantiehuis\" aria-describedby=\"gallery-2-164\" srcset=\"https:\/\/www.leschampsdefleury.com\/wp-content\/uploads\/2017\/09\/Vissen-in-de-Bourgogne-vakantiehuis-300x200.jpg 300w, https:\/\/www.leschampsdefleury.com\/wp-content\/uploads\/2017\/09\/Vissen-in-de-Bourgogne-vakantiehuis-768x513.jpg 768w, https:\/\/www.leschampsdefleury.com\/wp-content\/uploads\/2017\/09\/Vissen-in-de-Bourgogne-vakantiehuis-1024x684.jpg 1024w, https:\/\/www.leschampsdefleury.com\/wp-content\/uploads\/2017\/09\/Vissen-in-de-Bourgogne-vakantiehuis-600x401.jpg 600w, https:\/\/www.leschampsdefleury.com\/wp-content\/uploads\/2017\/09\/Vissen-in-de-Bourgogne-vakantiehuis.jpg 1400w\" sizes=\"auto, (max-width: 300px) 100vw, 300px\" \/><\/a>\n\t\t\t<\/div>\n\t\t\t\t<figcaption class='wp-caption-text gallery-caption' id='gallery-2-164'>\n\t\t\t\tVissen in de Bourgogne\n\t\t\t\t<\/figcaption><\/figure>\n\t\t<\/div>\n\n<p><span style=\"color: #000000;\"><\/span><\/p>","protected":false},"excerpt":{"rendered":"<p>Activit\u00e9s et excursions aux alentours des maisons de vacances De nombreuses activit\u00e9s sont propos\u00e9es dans les environs imm\u00e9diats de nos maisons de vacances. Ces excursions rendent les vacances en Bourgogne encore plus amusantes! Un certain nombre de sites, excursions et<\/p>\n","protected":false},"author":1,"featured_media":0,"parent":0,"menu_order":5,"comment_status":"closed","ping_status":"closed","template":"","meta":{"slim_seo":{"title":"[:nl]Activiteiten[:fr]Activit\u00e9s[:] - Les champs de Fleury","description":"[:nl] Activiteiten en uitstapjes in de regio van de vakantiehuizen In de directe omgeving van onze vakantiehuizen worden tal van activiteiten aangeboden. Deze u"},"footnotes":"","_links_to":"","_links_to_target":""},"class_list":["post-14","page","type-page","status-publish","hentry"],"_links":{"self":[{"href":"https:\/\/www.leschampsdefleury.com\/fr\/wp-json\/wp\/v2\/pages\/14","targetHints":{"allow":["GET"]}}],"collection":[{"href":"https:\/\/www.leschampsdefleury.com\/fr\/wp-json\/wp\/v2\/pages"}],"about":[{"href":"https:\/\/www.leschampsdefleury.com\/fr\/wp-json\/wp\/v2\/types\/page"}],"author":[{"embeddable":true,"href":"https:\/\/www.leschampsdefleury.com\/fr\/wp-json\/wp\/v2\/users\/1"}],"replies":[{"embeddable":true,"href":"https:\/\/www.leschampsdefleury.com\/fr\/wp-json\/wp\/v2\/comments?post=14"}],"version-history":[{"count":18,"href":"https:\/\/www.leschampsdefleury.com\/fr\/wp-json\/wp\/v2\/pages\/14\/revisions"}],"predecessor-version":[{"id":726,"href":"https:\/\/www.leschampsdefleury.com\/fr\/wp-json\/wp\/v2\/pages\/14\/revisions\/726"}],"wp:attachment":[{"href":"https:\/\/www.leschampsdefleury.com\/fr\/wp-json\/wp\/v2\/media?parent=14"}],"curies":[{"name":"wp","href":"https:\/\/api.w.org\/{rel}","templated":true}]}}