{"id":32,"date":"2017-09-13T19:45:35","date_gmt":"2017-09-13T17:45:35","guid":{"rendered":"https:\/\/www.leschampsdefleury.com\/?page_id=32"},"modified":"2024-01-27T18:42:16","modified_gmt":"2024-01-27T17:42:16","slug":"la-cabane-bleue","status":"publish","type":"page","link":"https:\/\/www.leschampsdefleury.com\/fr\/gites\/la-cabane-bleue\/","title":{"rendered":"La Cabane Bleue"},"content":{"rendered":"<p><\/p>\n<h3 class=\"pagetitle\" style=\"padding-bottom: 30px;\">\nG\u00eete La Cabane Bleue<\/h3>\n<p><img decoding=\"async\" class=\"alignright\" src=\"https:\/\/www.leschampsdefleury.com\/wp-content\/uploads\/2023\/04\/la-cabane-bleue-300x223-1.jpg\" alt=\"G\u00eete La Cabane Bleue dans le Morvan en Bourgogne - Les champs de Fleury\"><\/p>\n<p>La Cabane Bleue est une <b>charmante r\u00e9sidence d&rsquo;\u00e9t\u00e9<\/b> pour 2 personnes, unique en son genre, situ\u00e9e dans un bel endroit calme. Il y a une belle vue sur les champs depuis la terrasse, o\u00f9 vous pourriez m\u00eame voir des biches avec un peu de chance. La rivi\u00e8re et le canal sont accessibles \u00e0 pied, le soir tomb\u00e9 vous pouvez appr\u00e9cier un magnifique ciel \u00e9toil\u00e9, en bref un lieu unique pour des vacances r\u00e9ussies.<\/p>\n<p>Pour une indication de prix, veuillez envoyer un courriel \u00e0 : leschampsdefleury@gmail.com <\/p>\n<p><strong>Tarifs<\/strong><\/p>\n<p> Nous n\u2019avons pas de jour d\u2019arriv\u00e9e fixe, i lest donc possible de voyager en dehors des jours de grande affluence.<\/p>\n<p><iframe style=\"max-width: 760px; width: 100%; height: 340px;\" src=\"https:\/\/www.gites.eu\/fr\/vakantiehuizen\/14888\/embed\" frameborder=\"0\" scrolling=\"no\"><\/iframe><\/p>\n<h4 class=\"mtopkal\">Photos<\/h4>\n<div class=\"gallcenter gallpadding\" style=\"text-align: center;\"><div  id=\"jtg-1050\" class=\"modula modula-gallery modula-creative-gallery\" data-config=\"{&quot;height&quot;:950,&quot;tabletHeight&quot;:800,&quot;mobileHeight&quot;:700,&quot;desktopHeight&quot;:950,&quot;enableTwitter&quot;:false,&quot;enableWhatsapp&quot;:false,&quot;enableFacebook&quot;:false,&quot;enablePinterest&quot;:false,&quot;enableLinkedin&quot;:false,&quot;enableEmail&quot;:false,&quot;randomFactor&quot;:0.2,&quot;type&quot;:&quot;creative-gallery&quot;,&quot;columns&quot;:12,&quot;gutter&quot;:8,&quot;mobileGutter&quot;:6,&quot;tabletGutter&quot;:6,&quot;desktopGutter&quot;:8,&quot;enableResponsive&quot;:&quot;0&quot;,&quot;tabletColumns&quot;:&quot;2&quot;,&quot;mobileColumns&quot;:&quot;1&quot;,&quot;lazyLoad&quot;:0,&quot;lightboxOpts&quot;:{&quot;animated&quot;:true,&quot;Thumbs&quot;:{&quot;type&quot;:&quot;modern&quot;,&quot;showOnStart&quot;:false},&quot;Toolbar&quot;:{&quot;display&quot;:{&quot;right&quot;:[&quot;close&quot;]},&quot;enabled&quot;:true},&quot;Carousel&quot;:{&quot;Panzoom&quot;:{&quot;touch&quot;:true},&quot;infinite&quot;:false},&quot;keyboard&quot;:{&quot;Escape&quot;:&quot;close&quot;,&quot;Delete&quot;:&quot;close&quot;,&quot;Backspace&quot;:&quot;close&quot;,&quot;PageUp&quot;:false,&quot;PageDown&quot;:false,&quot;ArrowUp&quot;:false,&quot;ArrowDown&quot;:false,&quot;ArrowRight&quot;:false,&quot;ArrowLeft&quot;:false},&quot;touch&quot;:false,&quot;backdropClick&quot;:false,&quot;l10n&quot;:{&quot;CLOSE&quot;:&quot;Close&quot;,&quot;NEXT&quot;:&quot;Next&quot;,&quot;PREV&quot;:&quot;Previous&quot;,&quot;Error&quot;:&quot;The requested content cannot be loaded. Please try again later.&quot;,&quot;PLAY_START&quot;:&quot;Start slideshow&quot;,&quot;PLAY_STOP&quot;:&quot;Pause slideshow&quot;,&quot;FULL_SCREEN&quot;:&quot;Full screen&quot;,&quot;THUMBS&quot;:&quot;Thumbnails&quot;,&quot;DOWNLOAD&quot;:&quot;Download&quot;,&quot;SHARE&quot;:&quot;Share&quot;,&quot;ZOOM&quot;:&quot;Zoom&quot;,&quot;EMAIL&quot;:&quot;Here is the link to the image : %%image_link%% and this is the link to the gallery : %%gallery_link%%&quot;,&quot;MODAL&quot;:&quot;You can close this modal content with the ESC key&quot;,&quot;ERROR&quot;:&quot;Something Went Wrong, Please Try Again Later&quot;,&quot;IMAGE_ERROR&quot;:&quot;Image Not Found&quot;,&quot;ELEMENT_NOT_FOUND&quot;:&quot;HTML Element Not Found&quot;,&quot;AJAX_NOT_FOUND&quot;:&quot;Error Loading AJAX : Not Found&quot;,&quot;AJAX_FORBIDDEN&quot;:&quot;Error Loading AJAX : Forbidden&quot;,&quot;IFRAME_ERROR&quot;:&quot;Error Loading Page&quot;,&quot;TOGGLE_ZOOM&quot;:&quot;Toggle zoom level&quot;,&quot;TOGGLE_THUMBS&quot;:&quot;Toggle thumbnails&quot;,&quot;TOGGLE_SLIDESHOW&quot;:&quot;Toggle slideshow&quot;,&quot;TOGGLE_FULLSCREEN&quot;:&quot;Toggle full-screen mode&quot;},&quot;Images&quot;:{&quot;Panzoom&quot;:{&quot;maxScale&quot;:2}},&quot;mainClass&quot;:&quot;modula-fancybox-container modula-lightbox-jtg-1050&quot;,&quot;Html&quot;:{&quot;videoAutoplay&quot;:0,&quot;videoTpl&quot;:&quot;&lt;video class=\\&quot;fancybox__html5video\\&quot; controls muted playsinline controlsList controlsList=\\&quot;nodownload\\&quot; poster=\\&quot;{{poster}}\\&quot; src=\\&quot;{{src}}\\&quot; type=\\&quot;{{format}}\\&quot; &gt;  Sorry, your browser doesn&#039;t support embedded videos, &lt;a href=\\&quot;{{src}}\\&quot;&gt; download &lt;\\\/a&gt; and watch with your favorite video player! &lt;\\\/video&gt;&quot;}},&quot;inView&quot;:false,&quot;email_subject&quot;:&quot;Check out this awesome image !!&quot;,&quot;email_message&quot;:&quot;Here is the link to the image : %%image_link%% and this is the link to the gallery : %%gallery_link%%&quot;,&quot;lightbox&quot;:&quot;fancybox&quot;}\">\n\n\t\n\t<div  class=\"modula-items\">\n\t\t<div class=\"modula-item effect-pufrobo\" >\n\t<div class=\"modula-item-overlay\"><\/div>\n\n\t<div class=\"modula-item-content\">\n\n\t\t<a data-image-id=\"219\" role=\"button\" tabindex=\"0\" rel=\"jtg-1050\" data-caption=\"La Cabane Bleue - Gites Bourgogne\" aria-label=\"Open image in lightbox\" class=\"tile-inner modula-item-link\"><\/a><img loading=\"lazy\" decoding=\"async\" class=\"pic wp-image-219\"  data-valign=\"middle\" data-halign=\"center\" alt=\"Vakantiehuis La Cabane Bleue Bourgogne Frankrijk\" data-full=\"https:\/\/www.leschampsdefleury.com\/wp-content\/uploads\/2017\/09\/Vakantiehuis-La-Cabane-Bleue.jpg\" title=\"Vakantiehuis La Cabane Bleue Bourgogne Frankrijk\" crop=\"\" width=\"710\" height=\"474\" src=\"https:\/\/www.leschampsdefleury.com\/wp-content\/uploads\/2017\/09\/Vakantiehuis-La-Cabane-Bleue-1024x683.jpg\" data-src=\"https:\/\/www.leschampsdefleury.com\/wp-content\/uploads\/2017\/09\/Vakantiehuis-La-Cabane-Bleue-1024x683.jpg\" data-caption=\"La Cabane Bleue - Gites Bourgogne\" srcset=\"https:\/\/www.leschampsdefleury.com\/wp-content\/uploads\/2017\/09\/Vakantiehuis-La-Cabane-Bleue.jpg 1400w, https:\/\/www.leschampsdefleury.com\/wp-content\/uploads\/2017\/09\/Vakantiehuis-La-Cabane-Bleue-300x200.jpg 300w, https:\/\/www.leschampsdefleury.com\/wp-content\/uploads\/2017\/09\/Vakantiehuis-La-Cabane-Bleue-768x512.jpg 768w, https:\/\/www.leschampsdefleury.com\/wp-content\/uploads\/2017\/09\/Vakantiehuis-La-Cabane-Bleue-1024x683.jpg 1024w, https:\/\/www.leschampsdefleury.com\/wp-content\/uploads\/2017\/09\/Vakantiehuis-La-Cabane-Bleue-600x400.jpg 600w\" sizes=\"auto, (max-width: 710px) 100vw, 710px\" \/>\n\t\t<div class=\"figc\">\n\t\t\t<div class=\"figc-inner\">\n\t\t\t\t\t\t\t\t\t\t\t\t\t\t\t<\/div>\n\t\t<\/div>\n\n\t<\/div>\n\n<\/div><div class=\"modula-item effect-pufrobo\" >\n\t<div class=\"modula-item-overlay\"><\/div>\n\n\t<div class=\"modula-item-content\">\n\n\t\t<a data-image-id=\"527\" role=\"button\" tabindex=\"0\" rel=\"jtg-1050\" data-caption=\"\" aria-label=\"Open image in lightbox\" class=\"tile-inner modula-item-link\"><\/a><img loading=\"lazy\" decoding=\"async\" class=\"pic wp-image-527\"  data-valign=\"middle\" data-halign=\"center\" alt=\"La Cabane Bleue - Gites Les Champs de Fleury bourgogne\" data-full=\"https:\/\/www.leschampsdefleury.com\/wp-content\/uploads\/2020\/01\/9b69e405492cc007d189b491ed030918-1.jpg\" title=\"9b69e405492cc007d189b491ed030918 (1)\" crop=\"\" width=\"710\" height=\"474\" src=\"https:\/\/www.leschampsdefleury.com\/wp-content\/uploads\/2020\/01\/9b69e405492cc007d189b491ed030918-1-1024x683.jpg\" data-src=\"https:\/\/www.leschampsdefleury.com\/wp-content\/uploads\/2020\/01\/9b69e405492cc007d189b491ed030918-1-1024x683.jpg\" data-caption=\"\" srcset=\"https:\/\/www.leschampsdefleury.com\/wp-content\/uploads\/2020\/01\/9b69e405492cc007d189b491ed030918-1.jpg 1400w, https:\/\/www.leschampsdefleury.com\/wp-content\/uploads\/2020\/01\/9b69e405492cc007d189b491ed030918-1-300x200.jpg 300w, https:\/\/www.leschampsdefleury.com\/wp-content\/uploads\/2020\/01\/9b69e405492cc007d189b491ed030918-1-1024x683.jpg 1024w, https:\/\/www.leschampsdefleury.com\/wp-content\/uploads\/2020\/01\/9b69e405492cc007d189b491ed030918-1-768x512.jpg 768w, https:\/\/www.leschampsdefleury.com\/wp-content\/uploads\/2020\/01\/9b69e405492cc007d189b491ed030918-1-1536x1024.jpg 1536w\" sizes=\"auto, (max-width: 710px) 100vw, 710px\" \/>\n\t\t<div class=\"figc no-description\">\n\t\t\t<div class=\"figc-inner\">\n\t\t\t\t\t\t\t\t\t\t\t\t\t\t\t<\/div>\n\t\t<\/div>\n\n\t<\/div>\n\n<\/div><div class=\"modula-item effect-pufrobo\" >\n\t<div class=\"modula-item-overlay\"><\/div>\n\n\t<div class=\"modula-item-content\">\n\n\t\t<a data-image-id=\"528\" role=\"button\" tabindex=\"0\" rel=\"jtg-1050\" data-caption=\"\" aria-label=\"Open image in lightbox\" class=\"tile-inner modula-item-link\"><\/a><img loading=\"lazy\" decoding=\"async\" class=\"pic wp-image-528\"  data-valign=\"middle\" data-halign=\"center\" alt=\"La Cabane Bleue - Gites Les Champs de Fleury bourgogne\" data-full=\"https:\/\/www.leschampsdefleury.com\/wp-content\/uploads\/2020\/01\/cf6732b8ccc3371824c0260cf55b4c7b.jpg\" title=\"cf6732b8ccc3371824c0260cf55b4c7b\" crop=\"\" width=\"710\" height=\"474\" src=\"https:\/\/www.leschampsdefleury.com\/wp-content\/uploads\/2020\/01\/cf6732b8ccc3371824c0260cf55b4c7b-1024x683.jpg\" data-src=\"https:\/\/www.leschampsdefleury.com\/wp-content\/uploads\/2020\/01\/cf6732b8ccc3371824c0260cf55b4c7b-1024x683.jpg\" data-caption=\"\" srcset=\"https:\/\/www.leschampsdefleury.com\/wp-content\/uploads\/2020\/01\/cf6732b8ccc3371824c0260cf55b4c7b.jpg 1400w, https:\/\/www.leschampsdefleury.com\/wp-content\/uploads\/2020\/01\/cf6732b8ccc3371824c0260cf55b4c7b-300x200.jpg 300w, https:\/\/www.leschampsdefleury.com\/wp-content\/uploads\/2020\/01\/cf6732b8ccc3371824c0260cf55b4c7b-1024x683.jpg 1024w, https:\/\/www.leschampsdefleury.com\/wp-content\/uploads\/2020\/01\/cf6732b8ccc3371824c0260cf55b4c7b-768x512.jpg 768w, https:\/\/www.leschampsdefleury.com\/wp-content\/uploads\/2020\/01\/cf6732b8ccc3371824c0260cf55b4c7b-1536x1024.jpg 1536w\" sizes=\"auto, (max-width: 710px) 100vw, 710px\" \/>\n\t\t<div class=\"figc no-description\">\n\t\t\t<div class=\"figc-inner\">\n\t\t\t\t\t\t\t\t\t\t\t\t\t\t\t<\/div>\n\t\t<\/div>\n\n\t<\/div>\n\n<\/div><div class=\"modula-item effect-pufrobo\" >\n\t<div class=\"modula-item-overlay\"><\/div>\n\n\t<div class=\"modula-item-content\">\n\n\t\t<a data-image-id=\"1156\" role=\"button\" tabindex=\"0\" rel=\"jtg-1050\" data-caption=\"\" aria-label=\"Open image in lightbox\" class=\"tile-inner modula-item-link\"><\/a><img loading=\"lazy\" decoding=\"async\" class=\"pic wp-image-1156\"  data-valign=\"middle\" data-halign=\"center\" alt=\"\" data-full=\"https:\/\/www.leschampsdefleury.com\/wp-content\/uploads\/2023\/05\/la-cabane-bleue-2707.jpg\" title=\"la-cabane-bleue-2707\" crop=\"\" width=\"710\" height=\"533\" src=\"https:\/\/www.leschampsdefleury.com\/wp-content\/uploads\/2023\/05\/la-cabane-bleue-2707-1024x768.jpg\" data-src=\"https:\/\/www.leschampsdefleury.com\/wp-content\/uploads\/2023\/05\/la-cabane-bleue-2707-1024x768.jpg\" data-caption=\"\" srcset=\"https:\/\/www.leschampsdefleury.com\/wp-content\/uploads\/2023\/05\/la-cabane-bleue-2707.jpg 1280w, https:\/\/www.leschampsdefleury.com\/wp-content\/uploads\/2023\/05\/la-cabane-bleue-2707-300x225.jpg 300w, https:\/\/www.leschampsdefleury.com\/wp-content\/uploads\/2023\/05\/la-cabane-bleue-2707-1024x768.jpg 1024w, https:\/\/www.leschampsdefleury.com\/wp-content\/uploads\/2023\/05\/la-cabane-bleue-2707-768x576.jpg 768w\" sizes=\"auto, (max-width: 710px) 100vw, 710px\" \/>\n\t\t<div class=\"figc no-description\">\n\t\t\t<div class=\"figc-inner\">\n\t\t\t\t\t\t\t\t\t\t\t\t\t\t\t<\/div>\n\t\t<\/div>\n\n\t<\/div>\n\n<\/div><div class=\"modula-item effect-pufrobo\" >\n\t<div class=\"modula-item-overlay\"><\/div>\n\n\t<div class=\"modula-item-content\">\n\n\t\t<a data-image-id=\"1157\" role=\"button\" tabindex=\"0\" rel=\"jtg-1050\" data-caption=\"\" aria-label=\"Open image in lightbox\" class=\"tile-inner modula-item-link\"><\/a><img loading=\"lazy\" decoding=\"async\" class=\"pic wp-image-1157\"  data-valign=\"middle\" data-halign=\"center\" alt=\"\" data-full=\"https:\/\/www.leschampsdefleury.com\/wp-content\/uploads\/2023\/05\/la-cabane-bleue-2711.jpg\" title=\"la-cabane-bleue-2711\" crop=\"\" width=\"710\" height=\"947\" src=\"https:\/\/www.leschampsdefleury.com\/wp-content\/uploads\/2023\/05\/la-cabane-bleue-2711-768x1024.jpg\" data-src=\"https:\/\/www.leschampsdefleury.com\/wp-content\/uploads\/2023\/05\/la-cabane-bleue-2711-768x1024.jpg\" data-caption=\"\" srcset=\"https:\/\/www.leschampsdefleury.com\/wp-content\/uploads\/2023\/05\/la-cabane-bleue-2711.jpg 810w, https:\/\/www.leschampsdefleury.com\/wp-content\/uploads\/2023\/05\/la-cabane-bleue-2711-225x300.jpg 225w, https:\/\/www.leschampsdefleury.com\/wp-content\/uploads\/2023\/05\/la-cabane-bleue-2711-768x1024.jpg 768w\" sizes=\"auto, (max-width: 710px) 100vw, 710px\" \/>\n\t\t<div class=\"figc no-description\">\n\t\t\t<div class=\"figc-inner\">\n\t\t\t\t\t\t\t\t\t\t\t\t\t\t\t<\/div>\n\t\t<\/div>\n\n\t<\/div>\n\n<\/div><div class=\"modula-item effect-pufrobo\" >\n\t<div class=\"modula-item-overlay\"><\/div>\n\n\t<div class=\"modula-item-content\">\n\n\t\t<a data-image-id=\"530\" role=\"button\" tabindex=\"0\" rel=\"jtg-1050\" data-caption=\"\" aria-label=\"Open image in lightbox\" class=\"tile-inner modula-item-link\"><\/a><img loading=\"lazy\" decoding=\"async\" class=\"pic wp-image-530\"  data-valign=\"middle\" data-halign=\"center\" alt=\"La Cabane Bleue - Gites Les Champs de Fleury bourgogne\" data-full=\"https:\/\/www.leschampsdefleury.com\/wp-content\/uploads\/2020\/01\/a50c3a47a80f75beb5271f521763d325.jpg\" title=\"a50c3a47a80f75beb5271f521763d325\" crop=\"\" width=\"683\" height=\"1024\" src=\"https:\/\/www.leschampsdefleury.com\/wp-content\/uploads\/2020\/01\/a50c3a47a80f75beb5271f521763d325-683x1024.jpg\" data-src=\"https:\/\/www.leschampsdefleury.com\/wp-content\/uploads\/2020\/01\/a50c3a47a80f75beb5271f521763d325-683x1024.jpg\" data-caption=\"\" srcset=\"https:\/\/www.leschampsdefleury.com\/wp-content\/uploads\/2020\/01\/a50c3a47a80f75beb5271f521763d325.jpg 720w, https:\/\/www.leschampsdefleury.com\/wp-content\/uploads\/2020\/01\/a50c3a47a80f75beb5271f521763d325-200x300.jpg 200w, https:\/\/www.leschampsdefleury.com\/wp-content\/uploads\/2020\/01\/a50c3a47a80f75beb5271f521763d325-683x1024.jpg 683w\" sizes=\"auto, (max-width: 683px) 100vw, 683px\" \/>\n\t\t<div class=\"figc no-description\">\n\t\t\t<div class=\"figc-inner\">\n\t\t\t\t\t\t\t\t\t\t\t\t\t\t\t<\/div>\n\t\t<\/div>\n\n\t<\/div>\n\n<\/div><div class=\"modula-item effect-pufrobo\" >\n\t<div class=\"modula-item-overlay\"><\/div>\n\n\t<div class=\"modula-item-content\">\n\n\t\t<a data-image-id=\"531\" role=\"button\" tabindex=\"0\" rel=\"jtg-1050\" data-caption=\"\" aria-label=\"Open image in lightbox\" class=\"tile-inner modula-item-link\"><\/a><img loading=\"lazy\" decoding=\"async\" class=\"pic wp-image-531\"  data-valign=\"middle\" data-halign=\"center\" alt=\"La Cabane Bleue - Gites Les Champs de Fleury bourgogne\" data-full=\"https:\/\/www.leschampsdefleury.com\/wp-content\/uploads\/2020\/01\/f5d8180a2541e56b0eda42b7c180cbd2.jpg\" title=\"f5d8180a2541e56b0eda42b7c180cbd2\" crop=\"\" width=\"710\" height=\"533\" src=\"https:\/\/www.leschampsdefleury.com\/wp-content\/uploads\/2020\/01\/f5d8180a2541e56b0eda42b7c180cbd2-1024x768.jpg\" data-src=\"https:\/\/www.leschampsdefleury.com\/wp-content\/uploads\/2020\/01\/f5d8180a2541e56b0eda42b7c180cbd2-1024x768.jpg\" data-caption=\"\" srcset=\"https:\/\/www.leschampsdefleury.com\/wp-content\/uploads\/2020\/01\/f5d8180a2541e56b0eda42b7c180cbd2.jpg 1400w, https:\/\/www.leschampsdefleury.com\/wp-content\/uploads\/2020\/01\/f5d8180a2541e56b0eda42b7c180cbd2-300x225.jpg 300w, https:\/\/www.leschampsdefleury.com\/wp-content\/uploads\/2020\/01\/f5d8180a2541e56b0eda42b7c180cbd2-1024x768.jpg 1024w, https:\/\/www.leschampsdefleury.com\/wp-content\/uploads\/2020\/01\/f5d8180a2541e56b0eda42b7c180cbd2-768x576.jpg 768w\" sizes=\"auto, (max-width: 710px) 100vw, 710px\" \/>\n\t\t<div class=\"figc no-description\">\n\t\t\t<div class=\"figc-inner\">\n\t\t\t\t\t\t\t\t\t\t\t\t\t\t\t<\/div>\n\t\t<\/div>\n\n\t<\/div>\n\n<\/div><div class=\"modula-item effect-pufrobo\" >\n\t<div class=\"modula-item-overlay\"><\/div>\n\n\t<div class=\"modula-item-content\">\n\n\t\t<a data-image-id=\"1103\" role=\"button\" tabindex=\"0\" rel=\"jtg-1050\" data-caption=\"\" aria-label=\"Open image in lightbox\" class=\"tile-inner modula-item-link\"><\/a><img loading=\"lazy\" decoding=\"async\" class=\"pic wp-image-1103\"  data-valign=\"middle\" data-halign=\"center\" alt=\"\" data-full=\"https:\/\/www.leschampsdefleury.com\/wp-content\/uploads\/2023\/04\/download_original-1.jpg\" title=\"download_original-1\" crop=\"\" width=\"710\" height=\"947\" src=\"https:\/\/www.leschampsdefleury.com\/wp-content\/uploads\/2023\/04\/download_original-1-768x1024.jpg\" data-src=\"https:\/\/www.leschampsdefleury.com\/wp-content\/uploads\/2023\/04\/download_original-1-768x1024.jpg\" data-caption=\"\" srcset=\"https:\/\/www.leschampsdefleury.com\/wp-content\/uploads\/2023\/04\/download_original-1.jpg 900w, https:\/\/www.leschampsdefleury.com\/wp-content\/uploads\/2023\/04\/download_original-1-225x300.jpg 225w, https:\/\/www.leschampsdefleury.com\/wp-content\/uploads\/2023\/04\/download_original-1-768x1024.jpg 768w\" sizes=\"auto, (max-width: 710px) 100vw, 710px\" \/>\n\t\t<div class=\"figc no-description\">\n\t\t\t<div class=\"figc-inner\">\n\t\t\t\t\t\t\t\t\t\t\t\t\t\t\t<\/div>\n\t\t<\/div>\n\n\t<\/div>\n\n<\/div><div class=\"modula-item effect-pufrobo\" >\n\t<div class=\"modula-item-overlay\"><\/div>\n\n\t<div class=\"modula-item-content\">\n\n\t\t<a data-image-id=\"1104\" role=\"button\" tabindex=\"0\" rel=\"jtg-1050\" data-caption=\"\" aria-label=\"Open image in lightbox\" class=\"tile-inner modula-item-link\"><\/a><img loading=\"lazy\" decoding=\"async\" class=\"pic wp-image-1104\"  data-valign=\"middle\" data-halign=\"center\" alt=\"\" data-full=\"https:\/\/www.leschampsdefleury.com\/wp-content\/uploads\/2023\/04\/download_original.jpg\" title=\"download_original\" crop=\"\" width=\"710\" height=\"947\" src=\"https:\/\/www.leschampsdefleury.com\/wp-content\/uploads\/2023\/04\/download_original-768x1024.jpg\" data-src=\"https:\/\/www.leschampsdefleury.com\/wp-content\/uploads\/2023\/04\/download_original-768x1024.jpg\" data-caption=\"\" srcset=\"https:\/\/www.leschampsdefleury.com\/wp-content\/uploads\/2023\/04\/download_original.jpg 900w, https:\/\/www.leschampsdefleury.com\/wp-content\/uploads\/2023\/04\/download_original-225x300.jpg 225w, https:\/\/www.leschampsdefleury.com\/wp-content\/uploads\/2023\/04\/download_original-768x1024.jpg 768w\" sizes=\"auto, (max-width: 710px) 100vw, 710px\" \/>\n\t\t<div class=\"figc no-description\">\n\t\t\t<div class=\"figc-inner\">\n\t\t\t\t\t\t\t\t\t\t\t\t\t\t\t<\/div>\n\t\t<\/div>\n\n\t<\/div>\n\n<\/div><div class=\"modula-item effect-pufrobo\" >\n\t<div class=\"modula-item-overlay\"><\/div>\n\n\t<div class=\"modula-item-content\">\n\n\t\t<a data-image-id=\"533\" role=\"button\" tabindex=\"0\" rel=\"jtg-1050\" data-caption=\"\" aria-label=\"Open image in lightbox\" class=\"tile-inner modula-item-link\"><\/a><img loading=\"lazy\" decoding=\"async\" class=\"pic wp-image-533\"  data-valign=\"middle\" data-halign=\"center\" alt=\"La Cabane Bleue - Gites Les Champs de Fleury bourgogne\" data-full=\"https:\/\/www.leschampsdefleury.com\/wp-content\/uploads\/2020\/01\/1a64875b719a7b6712d7c2117115fca5.jpg\" title=\"1a64875b719a7b6712d7c2117115fca5\" crop=\"\" width=\"710\" height=\"474\" src=\"https:\/\/www.leschampsdefleury.com\/wp-content\/uploads\/2020\/01\/1a64875b719a7b6712d7c2117115fca5-1024x683.jpg\" data-src=\"https:\/\/www.leschampsdefleury.com\/wp-content\/uploads\/2020\/01\/1a64875b719a7b6712d7c2117115fca5-1024x683.jpg\" data-caption=\"\" srcset=\"https:\/\/www.leschampsdefleury.com\/wp-content\/uploads\/2020\/01\/1a64875b719a7b6712d7c2117115fca5.jpg 1400w, https:\/\/www.leschampsdefleury.com\/wp-content\/uploads\/2020\/01\/1a64875b719a7b6712d7c2117115fca5-300x200.jpg 300w, https:\/\/www.leschampsdefleury.com\/wp-content\/uploads\/2020\/01\/1a64875b719a7b6712d7c2117115fca5-1024x683.jpg 1024w, https:\/\/www.leschampsdefleury.com\/wp-content\/uploads\/2020\/01\/1a64875b719a7b6712d7c2117115fca5-768x512.jpg 768w, https:\/\/www.leschampsdefleury.com\/wp-content\/uploads\/2020\/01\/1a64875b719a7b6712d7c2117115fca5-1536x1024.jpg 1536w\" sizes=\"auto, (max-width: 710px) 100vw, 710px\" \/>\n\t\t<div class=\"figc no-description\">\n\t\t\t<div class=\"figc-inner\">\n\t\t\t\t\t\t\t\t\t\t\t\t\t\t\t<\/div>\n\t\t<\/div>\n\n\t<\/div>\n\n<\/div><div class=\"modula-item effect-pufrobo\" >\n\t<div class=\"modula-item-overlay\"><\/div>\n\n\t<div class=\"modula-item-content\">\n\n\t\t<a data-image-id=\"534\" role=\"button\" tabindex=\"0\" rel=\"jtg-1050\" data-caption=\"\" aria-label=\"Open image in lightbox\" class=\"tile-inner modula-item-link\"><\/a><img loading=\"lazy\" decoding=\"async\" class=\"pic wp-image-534\"  data-valign=\"middle\" data-halign=\"center\" alt=\"La Cabane Bleue - Gites Les Champs de Fleury bourgogne\" data-full=\"https:\/\/www.leschampsdefleury.com\/wp-content\/uploads\/2020\/01\/6288e346eb7d31eaed004901a3108167.jpg\" title=\"6288e346eb7d31eaed004901a3108167\" crop=\"\" width=\"710\" height=\"474\" src=\"https:\/\/www.leschampsdefleury.com\/wp-content\/uploads\/2020\/01\/6288e346eb7d31eaed004901a3108167-1024x683.jpg\" data-src=\"https:\/\/www.leschampsdefleury.com\/wp-content\/uploads\/2020\/01\/6288e346eb7d31eaed004901a3108167-1024x683.jpg\" data-caption=\"\" srcset=\"https:\/\/www.leschampsdefleury.com\/wp-content\/uploads\/2020\/01\/6288e346eb7d31eaed004901a3108167.jpg 1400w, https:\/\/www.leschampsdefleury.com\/wp-content\/uploads\/2020\/01\/6288e346eb7d31eaed004901a3108167-300x200.jpg 300w, https:\/\/www.leschampsdefleury.com\/wp-content\/uploads\/2020\/01\/6288e346eb7d31eaed004901a3108167-1024x683.jpg 1024w, https:\/\/www.leschampsdefleury.com\/wp-content\/uploads\/2020\/01\/6288e346eb7d31eaed004901a3108167-768x512.jpg 768w, https:\/\/www.leschampsdefleury.com\/wp-content\/uploads\/2020\/01\/6288e346eb7d31eaed004901a3108167-1536x1024.jpg 1536w\" sizes=\"auto, (max-width: 710px) 100vw, 710px\" \/>\n\t\t<div class=\"figc no-description\">\n\t\t\t<div class=\"figc-inner\">\n\t\t\t\t\t\t\t\t\t\t\t\t\t\t\t<\/div>\n\t\t<\/div>\n\n\t<\/div>\n\n<\/div><div class=\"modula-item effect-pufrobo\" >\n\t<div class=\"modula-item-overlay\"><\/div>\n\n\t<div class=\"modula-item-content\">\n\n\t\t<a data-image-id=\"1147\" role=\"button\" tabindex=\"0\" rel=\"jtg-1050\" data-caption=\"\" aria-label=\"Open image in lightbox\" class=\"tile-inner modula-item-link\"><\/a><img loading=\"lazy\" decoding=\"async\" class=\"pic wp-image-1147\"  data-valign=\"middle\" data-halign=\"center\" alt=\"La Cabane Bleue Terras\" data-full=\"https:\/\/www.leschampsdefleury.com\/wp-content\/uploads\/2023\/04\/la-cabane-bleue-terras_original-1.jpg\" title=\"la-cabane-bleue-terras_original-1\" crop=\"\" width=\"710\" height=\"533\" src=\"https:\/\/www.leschampsdefleury.com\/wp-content\/uploads\/2023\/04\/la-cabane-bleue-terras_original-1-1024x768.jpg\" data-src=\"https:\/\/www.leschampsdefleury.com\/wp-content\/uploads\/2023\/04\/la-cabane-bleue-terras_original-1-1024x768.jpg\" data-caption=\"\" srcset=\"https:\/\/www.leschampsdefleury.com\/wp-content\/uploads\/2023\/04\/la-cabane-bleue-terras_original-1.jpg 1280w, https:\/\/www.leschampsdefleury.com\/wp-content\/uploads\/2023\/04\/la-cabane-bleue-terras_original-1-300x225.jpg 300w, https:\/\/www.leschampsdefleury.com\/wp-content\/uploads\/2023\/04\/la-cabane-bleue-terras_original-1-1024x768.jpg 1024w, https:\/\/www.leschampsdefleury.com\/wp-content\/uploads\/2023\/04\/la-cabane-bleue-terras_original-1-768x576.jpg 768w\" sizes=\"auto, (max-width: 710px) 100vw, 710px\" \/>\n\t\t<div class=\"figc no-description\">\n\t\t\t<div class=\"figc-inner\">\n\t\t\t\t\t\t\t\t\t\t\t\t\t\t\t<\/div>\n\t\t<\/div>\n\n\t<\/div>\n\n<\/div>\t\t\n\t<\/div>\n\n\t\n\t\n\t<script type=\"application\/ld+json\">\n\t{\n\t\t\"@context\": \"http:\/\/schema.org\",\n\t\t\"@type\"   : \"ImageGallery\",\n\t\t\"id\"      : \"https:\/\/www.leschampsdefleury.com\/fr\/gites\/la-cabane-bleue\/\",\n\t\t\"url\"     : \"https:\/\/www.leschampsdefleury.com\/fr\/gites\/la-cabane-bleue\/\"\n\t}\n\n\t<\/script>\n\n\t\n<\/div>\n<\/div>\n<p><\/p>","protected":false},"excerpt":{"rendered":"<p>G\u00eete La Cabane Bleue La Cabane Bleue est une charmante r\u00e9sidence d&rsquo;\u00e9t\u00e9 pour 2 personnes, unique en son genre, situ\u00e9e dans un bel endroit calme. Il y a une belle vue sur les champs depuis la terrasse, o\u00f9 vous pourriez<\/p>\n","protected":false},"author":1,"featured_media":0,"parent":10,"menu_order":3,"comment_status":"closed","ping_status":"closed","template":"","meta":{"slim_seo":{"title":"La Cabane Bleue - Les champs de Fleury","description":"[:nl] G\u00eete La Cabane Bleue La Cabane Bleue is een sfeervol orgineel zomer-vakantieverblijf voor 2 personen, uniek in z'n soort, gelegen op een prachtig rustig p"},"footnotes":"","_links_to":"","_links_to_target":""},"class_list":["post-32","page","type-page","status-publish","hentry"],"_links":{"self":[{"href":"https:\/\/www.leschampsdefleury.com\/fr\/wp-json\/wp\/v2\/pages\/32","targetHints":{"allow":["GET"]}}],"collection":[{"href":"https:\/\/www.leschampsdefleury.com\/fr\/wp-json\/wp\/v2\/pages"}],"about":[{"href":"https:\/\/www.leschampsdefleury.com\/fr\/wp-json\/wp\/v2\/types\/page"}],"author":[{"embeddable":true,"href":"https:\/\/www.leschampsdefleury.com\/fr\/wp-json\/wp\/v2\/users\/1"}],"replies":[{"embeddable":true,"href":"https:\/\/www.leschampsdefleury.com\/fr\/wp-json\/wp\/v2\/comments?post=32"}],"version-history":[{"count":51,"href":"https:\/\/www.leschampsdefleury.com\/fr\/wp-json\/wp\/v2\/pages\/32\/revisions"}],"predecessor-version":[{"id":1259,"href":"https:\/\/www.leschampsdefleury.com\/fr\/wp-json\/wp\/v2\/pages\/32\/revisions\/1259"}],"up":[{"embeddable":true,"href":"https:\/\/www.leschampsdefleury.com\/fr\/wp-json\/wp\/v2\/pages\/10"}],"wp:attachment":[{"href":"https:\/\/www.leschampsdefleury.com\/fr\/wp-json\/wp\/v2\/media?parent=32"}],"curies":[{"name":"wp","href":"https:\/\/api.w.org\/{rel}","templated":true}]}}