{"id":8,"date":"2017-09-13T18:53:48","date_gmt":"2017-09-13T16:53:48","guid":{"rendered":"https:\/\/www.leschampsdefleury.com\/?page_id=8"},"modified":"2024-04-01T18:12:59","modified_gmt":"2024-04-01T16:12:59","slug":"wie-zijn-wij","status":"publish","type":"page","link":"https:\/\/www.leschampsdefleury.com\/fr\/wie-zijn-wij\/","title":{"rendered":"Qui sommes nous"},"content":{"rendered":"<p><\/p>\n<h3 class=\"pagetitle\">La famille Klapwijk<\/h3>\n<p><a style=\"\" href=\"https:\/\/www.leschampsdefleury.com\/wp-content\/uploads\/2017\/09\/familie-foto.jpg\"><img loading=\"lazy\" decoding=\"async\" class=\"wp-image-270 size-medium alignright\" src=\"https:\/\/www.leschampsdefleury.com\/wp-content\/uploads\/2017\/09\/familie-foto-300x200.jpg\" alt=\"\" width=\"300\" height=\"200\" srcset=\"https:\/\/www.leschampsdefleury.com\/wp-content\/uploads\/2017\/09\/familie-foto-300x200.jpg 300w, https:\/\/www.leschampsdefleury.com\/wp-content\/uploads\/2017\/09\/familie-foto-768x512.jpg 768w, https:\/\/www.leschampsdefleury.com\/wp-content\/uploads\/2017\/09\/familie-foto-1024x683.jpg 1024w, https:\/\/www.leschampsdefleury.com\/wp-content\/uploads\/2017\/09\/familie-foto-600x400.jpg 600w, https:\/\/www.leschampsdefleury.com\/wp-content\/uploads\/2017\/09\/familie-foto.jpg 1380w\" sizes=\"auto, (max-width: 300px) 100vw, 300px\" \/><\/a><\/span><\/p>\n<p>Nous sommes <strong>Jacco et Erna Klapwijk<\/strong>, nous venons des Pays-bas, et en mai 2005 nous avons fait le pas et nous avons d\u00e9m\u00e9nag\u00e9 avec nos 4 enfants au village de Biches en Bourgogne, ce que nous n&rsquo;avons jamais regrett\u00e9. Nous nous sentons encore tr\u00e8s chanceux tous les jours de pouvoir vivre ici, au milieu de la nature et de profiter de l\u2019espace et de la tranquillit\u00e9.<\/p>\n<p>Ces derni\u00e8res ann\u00e9es, nous avons travaill\u00e9 dur sur nos logements de vacances et gr\u00e2ce \u00e0 l\u2019aide d\u2019amis fid\u00e8les, de notre famille et de nos enfants, nous pouvons maintenant proposer<strong> cinq maisons de vacances attrayantes et originales<\/strong>. Le travail que nous avons fournis a toujours \u00e9t\u00e9 fait avec grand plaisir et beaucoup d&rsquo;attention, afin que vous vous sentiez directement comme chez vous tout en vous d\u00e9paysant.<\/p>\n<p><strong>Alors soyez les bienvenus<\/strong> pour profiter de la merveilleuse vie bourguignonne dans cette belle campagne fran\u00e7aise.<\/p>\n<p><\/p>","protected":false},"excerpt":{"rendered":"<p>La famille Klapwijk Nous sommes Jacco et Erna Klapwijk, nous venons des Pays-bas, et en mai 2005 nous avons fait le pas et nous avons d\u00e9m\u00e9nag\u00e9 avec nos 4 enfants au village de Biches en Bourgogne, ce que nous n&rsquo;avons<\/p>\n","protected":false},"author":1,"featured_media":0,"parent":0,"menu_order":2,"comment_status":"closed","ping_status":"closed","template":"","meta":{"slim_seo":{"title":"[:nl]Wie zijn wij[:fr]Qui sommes nous[:] - Les champs de Fleury","description":"[:nl] De familie Klapwijk Wij zijn Jacco en Erna Klapwijk , in mei 2005 hebben we de stap genomen en zijn wij met onze 4 kinderen verhuisd naar\u00a0het plaatsje Bic"},"footnotes":"","_links_to":"","_links_to_target":""},"class_list":["post-8","page","type-page","status-publish","hentry"],"_links":{"self":[{"href":"https:\/\/www.leschampsdefleury.com\/fr\/wp-json\/wp\/v2\/pages\/8","targetHints":{"allow":["GET"]}}],"collection":[{"href":"https:\/\/www.leschampsdefleury.com\/fr\/wp-json\/wp\/v2\/pages"}],"about":[{"href":"https:\/\/www.leschampsdefleury.com\/fr\/wp-json\/wp\/v2\/types\/page"}],"author":[{"embeddable":true,"href":"https:\/\/www.leschampsdefleury.com\/fr\/wp-json\/wp\/v2\/users\/1"}],"replies":[{"embeddable":true,"href":"https:\/\/www.leschampsdefleury.com\/fr\/wp-json\/wp\/v2\/comments?post=8"}],"version-history":[{"count":43,"href":"https:\/\/www.leschampsdefleury.com\/fr\/wp-json\/wp\/v2\/pages\/8\/revisions"}],"predecessor-version":[{"id":1263,"href":"https:\/\/www.leschampsdefleury.com\/fr\/wp-json\/wp\/v2\/pages\/8\/revisions\/1263"}],"wp:attachment":[{"href":"https:\/\/www.leschampsdefleury.com\/fr\/wp-json\/wp\/v2\/media?parent=8"}],"curies":[{"name":"wp","href":"https:\/\/api.w.org\/{rel}","templated":true}]}}